{"id":76,"date":"2015-11-19T19:29:13","date_gmt":"2015-11-19T17:29:13","guid":{"rendered":"https:\/\/masks.germanitas.org\/?page_id=76"},"modified":"2015-12-14T16:50:25","modified_gmt":"2015-12-14T14:50:25","slug":"richard-wentworth-enfield","status":"publish","type":"page","link":"https:\/\/masks.germanitas.org\/?page_id=76","title":{"rendered":"Lawrence Wentworth Stafford"},"content":{"rendered":"<p><a href=\"https:\/\/masks.germanitas.org\/wp-content\/uploads\/2015\/11\/antro.png\"><img loading=\"lazy\" decoding=\"async\" class=\"alignright wp-image-77 size-full\" src=\"https:\/\/masks.germanitas.org\/wp-content\/uploads\/2015\/11\/antro.png\" alt=\"_antro\" width=\"323\" height=\"400\" srcset=\"https:\/\/masks.germanitas.org\/wp-content\/uploads\/2015\/11\/antro.png 323w, https:\/\/masks.germanitas.org\/wp-content\/uploads\/2015\/11\/antro-242x300.png 242w\" sizes=\"auto, (max-width: 323px) 100vw, 323px\" \/><\/a><\/p>\n<p>Lawrence Wentworth Stafford on englantilainen kulttuuriantropologi, joka on viett\u00e4nyt vuosia egyptiss\u00e4 ja l\u00e4hi-id\u00e4ss\u00e4 tutkimassa eri heimojen v\u00e4lisi\u00e4 vuorovaikutuksia. Kent\u00e4ll\u00e4 h\u00e4n on ker\u00e4nnyt informaatiota kansojen k\u00e4ytt\u00e4mist\u00e4 sukulaisuustermist\u00f6ist\u00e4, uskonnollisista ajatuksista sek\u00e4 heid\u00e4n k\u00e4yt\u00f6ss\u00e4 olevista tavoista.<\/p>\n<p>H\u00e4n on ollut varsin kiinnostunut erilaisista myyteist\u00e4 ja symboliikasta kulttuureissa. Esikuvinaan h\u00e4n pit\u00e4\u00e4 Lewis Henry Morgania ja h\u00e4nen ty\u00f6t\u00e4\u00e4n irokeesien parissa sek\u00e4 Edward Burnett Tyloria. H\u00e4n on kulttuurisen evoluution kannattaja, ja uskoo, ett\u00e4 erilaiset kansat kulkevat samojen asteiden l\u00e4pi kehittyess\u00e4\u00e4n kulttuurina.<\/p>\n<p>Enfieldin alma mater on Yale University, josta h\u00e4n valmistui tohtoriksi, ja jonka post-docina h\u00e4n on toiminut siit\u00e4 l\u00e4htien.<\/p>\n<p><a href=\"https:\/\/masks.germanitas.org\/chars\/lawrence.html\">P\u00e4ivitetty hahmolomake<\/a>.<\/p>\n","protected":false},"excerpt":{"rendered":"<p>Lawrence Wentworth Stafford on englantilainen kulttuuriantropologi, joka on viett\u00e4nyt vuosia egyptiss\u00e4 ja l\u00e4hi-id\u00e4ss\u00e4 tutkimassa eri heimojen v\u00e4lisi\u00e4 vuorovaikutuksia. Kent\u00e4ll\u00e4 h\u00e4n on ker\u00e4nnyt informaatiota kansojen k\u00e4ytt\u00e4mist\u00e4 sukulaisuustermist\u00f6ist\u00e4, uskonnollisista ajatuksista sek\u00e4 heid\u00e4n k\u00e4yt\u00f6ss\u00e4 olevista tavoista. H\u00e4n on ollut varsin kiinnostunut erilaisista myyteist\u00e4 &hellip; <a href=\"https:\/\/masks.germanitas.org\/?page_id=76\">Continue reading <span class=\"meta-nav\">&rarr;<\/span><\/a><\/p>\n","protected":false},"author":1,"featured_media":0,"parent":28,"menu_order":0,"comment_status":"closed","ping_status":"closed","template":"full-width-page.php","meta":{"footnotes":""},"class_list":["post-76","page","type-page","status-publish","hentry"],"_links":{"self":[{"href":"https:\/\/masks.germanitas.org\/index.php?rest_route=\/wp\/v2\/pages\/76","targetHints":{"allow":["GET"]}}],"collection":[{"href":"https:\/\/masks.germanitas.org\/index.php?rest_route=\/wp\/v2\/pages"}],"about":[{"href":"https:\/\/masks.germanitas.org\/index.php?rest_route=\/wp\/v2\/types\/page"}],"author":[{"embeddable":true,"href":"https:\/\/masks.germanitas.org\/index.php?rest_route=\/wp\/v2\/users\/1"}],"replies":[{"embeddable":true,"href":"https:\/\/masks.germanitas.org\/index.php?rest_route=%2Fwp%2Fv2%2Fcomments&post=76"}],"version-history":[{"count":4,"href":"https:\/\/masks.germanitas.org\/index.php?rest_route=\/wp\/v2\/pages\/76\/revisions"}],"predecessor-version":[{"id":91,"href":"https:\/\/masks.germanitas.org\/index.php?rest_route=\/wp\/v2\/pages\/76\/revisions\/91"}],"up":[{"embeddable":true,"href":"https:\/\/masks.germanitas.org\/index.php?rest_route=\/wp\/v2\/pages\/28"}],"wp:attachment":[{"href":"https:\/\/masks.germanitas.org\/index.php?rest_route=%2Fwp%2Fv2%2Fmedia&parent=76"}],"curies":[{"name":"wp","href":"https:\/\/api.w.org\/{rel}","templated":true}]}}