{"id":72,"date":"2015-11-19T19:00:39","date_gmt":"2015-11-19T17:00:39","guid":{"rendered":"https:\/\/masks.germanitas.org\/?page_id=72"},"modified":"2015-11-19T19:00:39","modified_gmt":"2015-11-19T17:00:39","slug":"jackson-elias","status":"publish","type":"page","link":"https:\/\/masks.germanitas.org\/?page_id=72","title":{"rendered":"Jackson Elias"},"content":{"rendered":"<p>Hahmoni on seikkailija \/ kirjailija nimelt\u00e4\u00e4n Jackson Elias. Jackson on kotoisin Connecticutista ja j\u00e4\u00e4nyt jo nuorena orvoksi. H\u00e4n on p\u00e4rj\u00e4nnyt el\u00e4m\u00e4ss\u00e4\u00e4n v\u00e4h\u00e4isest\u00e4 koulutuksestaan huolimatta. J. Eliasta voisi kuvailla maailmanmieheksi: h\u00e4n omaksuu uudet kielet helposti ja sopeutuu yll\u00e4tt\u00e4v\u00e4n nopeasti vieraisiin kulttuureihin. H\u00e4n on mielelt\u00e4\u00e4n utelias ja avoin (20-lvun ihmiseksi) ja kivenkova skeptikko.<\/p>\n<p>Jacksonin ty\u00f6 liittyy l\u00e4hes poikkeuksetta uskonlahkoihin jotka harrastavat tai ovat harrastaneet ihmisuhrausta. H\u00e4n on saattanut kertoa jonain bourboninhuuruisena iltana oudosta viehtymyksest\u00e4\u00e4n tutkia ja havainnoida yhteis\u00f6j\u00e4 joissa harjoitetaan t\u00e4t\u00e4 makaaberia ja ep\u00e4inhimillist\u00e4 toimintaa. Jacksonia kiinnostaa kulteissa \u00e4\u00e4rimm\u00e4inen manipulointi, h\u00e4n n\u00e4kee kaikki uskonnot hallinnan v\u00e4linein\u00e4. Uhriuskonnoissa t\u00e4m\u00e4 hallinta vied\u00e4\u00e4n \u00e4\u00e4rimm\u00e4isyyksiin ja heikkotahtoiset ihmiset suostutellaan tai pakotetaan murhaamaan tyhjien lupausten sek\u00e4 mielikuvitusolentojen mahdollisten suosionosoitusten takia.<\/p>\n<p>Elias ei ole akateemikko. H\u00e4nen kirjansa ovat aina kokemuspohjaisia eik\u00e4 niiss\u00e4 k\u00e4ytet\u00e4 tieteellisi\u00e4 tutkimusmenetelmi\u00e4. Ne ovat tarinoita maailman syrj\u00e4isist\u00e4 kolkista, leirinuotioilta ja jumalattomien pakanoiden kokoontumisista. Kirjojen kieliasussa on selke\u00e4\u00e4 sensaatiohakuisuutta ja raflaavaa teksti\u00e4, mutta Jackson pysyy p\u00e4\u00e4s\u00e4\u00e4nt\u00f6isesti asiassa. Alla Jacksonin tuotanto sek\u00e4 pienet kuvaukset kirjojen aiheista:<\/p>\n<ul>\n<li><em>Kallot joella<\/em> (julk. 1910) kertoo Amazonasin altaassa asuvasta p\u00e4\u00e4kallonmets\u00e4st\u00e4j\u00e4heimosta.<\/li>\n<li><em>Mustien taitojen mestarit<\/em> (1912) Yleiskatsaus historiassa esiintyviin velhoihin \/ magiaperinteeseen.<\/li>\n<li><em>Kauhun tie<\/em> (1913) k\u00e4sittelee esooteristen j\u00e4rjest\u00f6jen organisaatiomallia ja pelon rakennetta uskonlahkon hierarkiassa.<\/li>\n<li><em>Savuava Syd\u00e4n<\/em> (1915) Kirjan ensimm\u00e4isess\u00e4 puoliskossa k\u00e4sitell\u00e4\u00e4n keski- ja etel\u00e4amerikan alkuper\u00e4iskansojen uhrausperinteit\u00e4. Toinen osa k\u00e4sittelee nykyajan ihmisuhrausta keski-amerikassa.<\/li>\n<li><em>Kuoleman pojat<\/em> (1918) Elias soluttautui Intiassa kuristamalla murhaavaan \u201dThuggee\u201d kulttin (kts. wikipedia) ja kirjoitti kokemuksistaan.<\/li>\n<li><em>Syytt\u00f6m\u00e4t lahtarit<\/em> (1919) K\u00e4sittelee Brasilian Candombl\u00e9- uskonnon ihmisuhrausta possesion aikana.<\/li>\n<li><em>Englannin noitaringit<\/em> (1920) K\u00e4sittelee noituutta Englannissa. Kirjassa haastatellaan useita aktiivisia rituaaleja suorittavia noitia.<\/li>\n<li><em>Musta voima<\/em> (1921) Jatko-osa \u201dkauhun tielle\u201d useiden lahkojen johtajien haastatteluja.<\/li>\n<\/ul>\n<p>Kaikki J. Eliaksen kirjat on julkaissut Prospero kustantamo New Yorkista.<\/p>\n<p>Kysytt\u00e4ess\u00e4 onko Jackson koskaan n\u00e4hnyt matkoillaan mit\u00e4\u00e4n yliluonnollista, on vastaus jyrkk\u00e4 ei. H\u00e4nen mielest\u00e4\u00e4n suurin mysteeri on se, miten tavalliset ihmiset manipuloidaan ja pelotellaan toimimaan niin brutaalilla ja julmalla tavalla. Kaikki h\u00e4nen n\u00e4kem\u00e4ns\u00e4 julmuudet ja kokemansa outoudet eiv\u00e4t kuitenkaan poista h\u00e4nen kirjoituksistaankin huokuvaa uskoaan siihen, ett\u00e4 kaikkien uhrilahkojen takana ovat vain vallanhaluiset ja kierot ihmiset.<\/p>\n<p>Elias on ty\u00f6ss\u00e4\u00e4n joutunut usein puolustamaan itse\u00e4\u00e4n fyysisilt\u00e4 uhilta eik\u00e4 pelk\u00e4\u00e4 k\u00e4ytt\u00e4\u00e4 nyrkkej\u00e4\u00e4n. H\u00e4n on t\u00e4sm\u00e4llinen ja neuroottisen salaileva jos kyseess\u00e4 on ty\u00f6n alla oleva projekti tai kirja.<\/p>\n<p><span style=\"text-decoration: underline;\"><strong>Mist\u00e4 muut hahmot tuntevat Jacksonin?<\/strong><\/span><\/p>\n<p>Akateemiset hahmot voivat tuntea Jacksonin ty\u00f6n kautta. Vaikka h\u00e4n ei varsinainen tutkija olekaan pyrkii h\u00e4n kirjoissaan mahdollisimman perinpohjaiseen ja hyv\u00e4\u00e4 taustaty\u00f6h\u00f6n. T\u00e4st\u00e4 syyst\u00e4 h\u00e4n on tuttu n\u00e4ky Amerikan it\u00e4rannikon ylipoistoilla. H\u00e4n on my\u00f6s sosiaalinen ja innokas tarttumaan keskusteluihin my\u00f6s oman erikoisosaamisensa ulkopuolella.<\/p>\n<p>\u201dLaitapuolenkulkijat\u201d voivat tuntea my\u00f6s ty\u00f6n kautta, mutta erilailla kuin akateemikot. Jackson on usein toiminut lain v\u00e4\u00e4r\u00e4ll\u00e4 puolella p\u00e4\u00e4st\u00e4kseen p\u00e4\u00e4m\u00e4\u00e4riins\u00e4. Suuriin rikoksiin h\u00e4n ei syyllisty, mutta on tapauksia jossa h\u00e4n on halunnut tuoda maahan kyseenalaisia tavaroita tai henkil\u00f6it\u00e4. Toisinaan on my\u00f6s pit\u00e4nyt \u201dlainata\u201d muinaismuistoja tai kirjoja yksityiskokoelmista tai museoista. Ne on kuitenkin aina palautettu j\u00e4lkeenp\u00e4in.<\/p>\n<p>Jacksonilla on laaja sosiaalinen piiri ja sit\u00e4 kautta h\u00e4n voi tuntea henkil\u00f6it\u00e4 my\u00f6s muilta el\u00e4m\u00e4n osa-alueilta. H\u00e4n osallistuu hyv\u00e4ntekev\u00e4isyysillallisiin ja pyrkii j\u00e4rjest\u00e4m\u00e4\u00e4n osan tutkimusrahoituksestaan tuttavapiirins\u00e4 kautta.<\/p>\n","protected":false},"excerpt":{"rendered":"<p>Hahmoni on seikkailija \/ kirjailija nimelt\u00e4\u00e4n Jackson Elias. Jackson on kotoisin Connecticutista ja j\u00e4\u00e4nyt jo nuorena orvoksi. H\u00e4n on p\u00e4rj\u00e4nnyt el\u00e4m\u00e4ss\u00e4\u00e4n v\u00e4h\u00e4isest\u00e4 koulutuksestaan huolimatta. J. Eliasta voisi kuvailla maailmanmieheksi: h\u00e4n omaksuu uudet kielet helposti ja sopeutuu yll\u00e4tt\u00e4v\u00e4n nopeasti vieraisiin kulttuureihin. &hellip; <a href=\"https:\/\/masks.germanitas.org\/?page_id=72\">Continue reading <span class=\"meta-nav\">&rarr;<\/span><\/a><\/p>\n","protected":false},"author":1,"featured_media":0,"parent":28,"menu_order":0,"comment_status":"closed","ping_status":"closed","template":"full-width-page.php","meta":{"footnotes":""},"class_list":["post-72","page","type-page","status-publish","hentry"],"_links":{"self":[{"href":"https:\/\/masks.germanitas.org\/index.php?rest_route=\/wp\/v2\/pages\/72","targetHints":{"allow":["GET"]}}],"collection":[{"href":"https:\/\/masks.germanitas.org\/index.php?rest_route=\/wp\/v2\/pages"}],"about":[{"href":"https:\/\/masks.germanitas.org\/index.php?rest_route=\/wp\/v2\/types\/page"}],"author":[{"embeddable":true,"href":"https:\/\/masks.germanitas.org\/index.php?rest_route=\/wp\/v2\/users\/1"}],"replies":[{"embeddable":true,"href":"https:\/\/masks.germanitas.org\/index.php?rest_route=%2Fwp%2Fv2%2Fcomments&post=72"}],"version-history":[{"count":2,"href":"https:\/\/masks.germanitas.org\/index.php?rest_route=\/wp\/v2\/pages\/72\/revisions"}],"predecessor-version":[{"id":74,"href":"https:\/\/masks.germanitas.org\/index.php?rest_route=\/wp\/v2\/pages\/72\/revisions\/74"}],"up":[{"embeddable":true,"href":"https:\/\/masks.germanitas.org\/index.php?rest_route=\/wp\/v2\/pages\/28"}],"wp:attachment":[{"href":"https:\/\/masks.germanitas.org\/index.php?rest_route=%2Fwp%2Fv2%2Fmedia&parent=72"}],"curies":[{"name":"wp","href":"https:\/\/api.w.org\/{rel}","templated":true}]}}